{"id":39,"date":"2021-01-06T11:52:15","date_gmt":"2021-01-06T09:52:15","guid":{"rendered":"https:\/\/hakton.com\/?page_id=39"},"modified":"2021-01-28T17:07:59","modified_gmt":"2021-01-28T15:07:59","slug":"one-page-express","status":"publish","type":"page","link":"https:\/\/hakton.com\/","title":{"rendered":"Front Page"},"content":{"rendered":"<div  data-label=\"omadused\" data-id=\"stripped-features-overlapped-icons-section\" data-category=\"overlapable\" class=\"features-overlapped-icons-section stripped-features-overlapped-icons-section\" data-overlap=\"true\" id=\"omadused\" style=\"background-color: rgb(255, 255, 255);\"> <div  class=\"\"> <div  class=\"features-overlapped-icons-featuresrow flexbox-list\" data-type=\"row\"> <div  class=\"features-large-icons-featcol cp3cols cp6cols-tablet\"> <div  class=\"features-overlapped-icons-featinnerrow\"> <div  class=\"features-icon-container\"><i  data-cp-fa=\"true\" class=\"font-icon-features-icon-container fa fa-clock-o\"><\/i> <\/div>\t<div  data-type=\"column\" class=\"\"> <h4  class=\"\">Lihtsus<\/h4> <p  class=\"\">Info leidmine peab olema lahendatud v\u00f5imalikult v\u00e4ikese klikkide arvuga. Keegi ei taha aega kulutada ebavajalikele tegevustele ega asjatule ootamisele.<\/p> <\/div><\/div> <\/div><div  class=\"features-large-icons-featcol cp3cols cp6cols-tablet\"> <div  class=\"features-overlapped-icons-featinnerrow\"> <div  class=\"features-icon-container\"><i  data-cp-fa=\"true\" class=\"font-icon-features-icon-container fa fa-file-text-o\"><\/i> <\/div>\t<div  data-type=\"column\" class=\"\"> <h4  class=\"\">Loetavus<\/h4> <p  class=\"\">Leht peab olema skaleeruv ehk erinevate ekraanidega kohanduv (responsive). Vastasel juhul ei ole tekstid loetavad ning vajaliku info k\u00e4ttesaamine takistatud.<\/p> <\/div><\/div> <\/div><div  class=\"features-large-icons-featcol cp3cols cp6cols-tablet\"> <div  class=\"features-overlapped-icons-featinnerrow\"> <div  class=\"features-icon-container\"><i  data-cp-fa=\"true\" class=\"font-icon-features-icon-container fa fa-thumbs-o-up\"><\/i> <\/div>\t<div  data-type=\"column\" class=\"\"> <h4  class=\"\">Mugavus<\/h4> <p  class=\"\">Kontaktide all olev asukohakaart v\u00f5iks olla nutiseadme ekraanilt automaatselt avatav. Sama kehtib ka telefoninumbrite kohta \u2013 \u00fche klikiga on k\u00e4ttesaadavus garanteeritud.<\/p> <\/div><\/div> <\/div>  <div  class=\"features-large-icons-featcol cp3cols cp6cols-tablet\"> <div  class=\"features-overlapped-icons-featinnerrow\"> <div  class=\"features-icon-container\"><i  data-cp-fa=\"true\" class=\"font-icon-features-icon-container fa fa-facebook-f\"><\/i> <\/div>\t<div  data-type=\"column\" class=\"\"> <h4  class=\"\">\u00dchenduvus<\/h4> <p  class=\"\">Sotsiaalmeedia olemasolul tasub veebilehelt otse erinevatesse kanalitesse (ja sealt ka kodulehele tagasi) linkida. Lisaks saab nii SEO jaoks kasulikke linke.<\/p> <\/div><\/div> <\/div>  <\/div> <\/div><\/div><div  data-label=\"lahendused\" data-id=\"stripped-about-four-boxes-section\" data-category=\"overlapable\" class=\"stripped-about-four-boxes-section\" data-overlap=\"true\" id=\"lahendused\" style=\"background-color: rgb(255, 255, 255);\"> <div  class=\"gridContainer\"> <div  class=\"about-four-boxes-innerrow flexbox-list\"> <div  class=\"about-four-boxes-imgcol\" data-bg=\"image\" style=\"background-image: url(&quot;https:\/\/hakton.com\/wp-content\/uploads\/2021\/01\/project1.jpg&quot;);\"><\/div> <div  class=\"about-four-boxes-textcol\" data-type=\"column\">  <h2  class=\"\">Mobiilsed seadmed<\/h2> <p  class=\"\">Mobiilsete seadmete (nutitelefonid, tahvelarvutid) kasutamine veebilehtede k\u00fclastamiseks on j\u00e4rsult kasvanud. Vananenud lehed ei kohandu ekraani suurusega ning tekst ei ole loetav.<\/p> <\/div> <div  class=\"about-four-boxes-textcol\" data-type=\"column\">  <h2  class=\"\">Mobiilsed seadmed<\/h2> <p  class=\"\">Mobiilsete seadmete (nutitelefonid, tahvelarvutid) kasutamine veebilehtede k\u00fclastamiseks on j\u00e4rsult kasvanud. Vananenud lehed ei kohandu ekraani suurusega ning tekst ei ole loetav.<\/p> <img decoding=\"async\"  class=\"custom-image\" src=\"#\"><\/div> <div  class=\"about-four-boxes-imgcol2\" data-bg=\"image\"><\/div> <\/div> <\/div><\/div><div  id=\"kontakt\" data-label=\"kontakt\" data-id=\"contact-section\" data-category=\"contact\" data-bg=\"transparent\" class=\"contact-section-formsection white-text\"> <div  class=\"gridContainer\"> <div  class=\"row_224\"> <div  class=\"contact-textrow\"> <div  class=\"contact-textcol dynamic-color\"> <h2  class=\"\">V\u00f5ta \u00fchendust!<\/h2> <p  class=\"white_text\">Kui n\u00f5ustud, et m\u00f5ne v\u00e4ikese parandusega on v\u00f5imalik muuta veebileht kasutajas\u00f5bralikumaks, siis j\u00e4ta enda andmed ja leiame koos lahenduse!<\/p> <\/div> <\/div> <\/div> <div  class=\"contact-formcol\" data-content-shortcode=\"one_page_express_contact_form shortcode=&quot;contact-form-7 id=&amp;amp;quot;288&amp;amp;quot; title=&amp;amp;quot;Nimetu&amp;amp;quot;&quot;\" data-editable=\"true\"><div role=\"form\" class=\"wpcf7\" id=\"wpcf7-f288-o1\" lang=\"et\" dir=\"ltr\">\n<div class=\"screen-reader-response\"><p role=\"status\" aria-live=\"polite\" aria-atomic=\"true\"><\/p> <ul><\/ul><\/div>\n<form action=\"\/index.php?rest_route=%2Fwp%2Fv2%2Fpages%2F39#wpcf7-f288-o1\" method=\"post\" class=\"wpcf7-form init\" novalidate=\"novalidate\" data-status=\"init\">\n<div style=\"display: none;\">\n<input type=\"hidden\" name=\"_wpcf7\" value=\"288\" \/>\n<input type=\"hidden\" name=\"_wpcf7_version\" value=\"5.3.2\" \/>\n<input type=\"hidden\" name=\"_wpcf7_locale\" value=\"et\" \/>\n<input type=\"hidden\" name=\"_wpcf7_unit_tag\" value=\"wpcf7-f288-o1\" \/>\n<input type=\"hidden\" name=\"_wpcf7_container_post\" value=\"0\" \/>\n<input type=\"hidden\" name=\"_wpcf7_posted_data_hash\" value=\"\" \/>\n<input type=\"hidden\" name=\"_wpcf7_recaptcha_response\" value=\"\" \/>\n<\/div>\n<p><label> Nimi<br \/>\n    <span class=\"wpcf7-form-control-wrap your-name\"><input type=\"text\" name=\"your-name\" value=\"\" size=\"40\" class=\"wpcf7-form-control wpcf7-text wpcf7-validates-as-required\" aria-required=\"true\" aria-invalid=\"false\" \/><\/span> <\/label><\/p>\n<p><label> E-mail<br \/>\n    <span class=\"wpcf7-form-control-wrap your-email\"><input type=\"email\" name=\"your-email\" value=\"\" size=\"40\" class=\"wpcf7-form-control wpcf7-text wpcf7-email wpcf7-validates-as-required wpcf7-validates-as-email\" aria-required=\"true\" aria-invalid=\"false\" \/><\/span> <\/label><\/p>\n<p><label> Teema<br \/>\n    <span class=\"wpcf7-form-control-wrap your-subject\"><input type=\"text\" name=\"your-subject\" value=\"\" size=\"40\" class=\"wpcf7-form-control wpcf7-text wpcf7-validates-as-required\" aria-required=\"true\" aria-invalid=\"false\" \/><\/span> <\/label><\/p>\n<p><label> Teade<br \/>\n    <span class=\"wpcf7-form-control-wrap your-message\"><textarea name=\"your-message\" cols=\"40\" rows=\"10\" class=\"wpcf7-form-control wpcf7-textarea\" aria-invalid=\"false\"><\/textarea><\/span> <\/label><\/p>\n<p><input type=\"submit\" value=\"SAADA\" class=\"wpcf7-form-control wpcf7-submit\" \/><\/p>\n<div class=\"wpcf7-response-output\" aria-hidden=\"true\"><\/div><\/form><\/div><\/div> <\/div><\/div>","protected":false},"excerpt":{"rendered":"<p>Lihtsus Info leidmine peab olema lahendatud v\u00f5imalikult v\u00e4ikese klikkide arvuga. Keegi ei taha aega kulutada ebavajalikele tegevustele ega asjatule ootamisele. Loetavus Leht peab olema skaleeruv ehk erinevate ekraanidega kohanduv (responsive). Vastasel juhul ei ole tekstid loetavad ning vajaliku info k\u00e4ttesaamine takistatud. Mugavus Kontaktide all olev asukohakaart v\u00f5iks olla nutiseadme ekraanilt automaatselt avatav. Sama kehtib ka&hellip; <br \/> <a class=\"button small blue\" href=\"https:\/\/hakton.com\/?p=1\">Read more<\/a><\/p>\n","protected":false},"author":1,"featured_media":0,"parent":0,"menu_order":0,"comment_status":"closed","ping_status":"closed","template":"","meta":{"footnotes":""},"class_list":["post-39","page","type-page","status-publish","hentry"],"_links":{"self":[{"href":"https:\/\/hakton.com\/index.php?rest_route=\/wp\/v2\/pages\/39","targetHints":{"allow":["GET"]}}],"collection":[{"href":"https:\/\/hakton.com\/index.php?rest_route=\/wp\/v2\/pages"}],"about":[{"href":"https:\/\/hakton.com\/index.php?rest_route=\/wp\/v2\/types\/page"}],"author":[{"embeddable":true,"href":"https:\/\/hakton.com\/index.php?rest_route=\/wp\/v2\/users\/1"}],"replies":[{"embeddable":true,"href":"https:\/\/hakton.com\/index.php?rest_route=%2Fwp%2Fv2%2Fcomments&post=39"}],"version-history":[{"count":17,"href":"https:\/\/hakton.com\/index.php?rest_route=\/wp\/v2\/pages\/39\/revisions"}],"predecessor-version":[{"id":290,"href":"https:\/\/hakton.com\/index.php?rest_route=\/wp\/v2\/pages\/39\/revisions\/290"}],"wp:attachment":[{"href":"https:\/\/hakton.com\/index.php?rest_route=%2Fwp%2Fv2%2Fmedia&parent=39"}],"curies":[{"name":"wp","href":"https:\/\/api.w.org\/{rel}","templated":true}]}}